{"id":1443,"date":"2026-02-25T15:14:03","date_gmt":"2026-02-25T14:14:03","guid":{"rendered":"https:\/\/andragogieformation.fr\/?page_id=1443"},"modified":"2026-02-25T15:26:52","modified_gmt":"2026-02-25T14:26:52","slug":"elementor-page-1443","status":"publish","type":"page","link":"https:\/\/andragogieformation.fr\/index.php\/elementor-page-1443\/","title":{"rendered":"Apprendre l&rsquo;\u00e9lectronique +8ans"},"content":{"rendered":"\t\t<div data-elementor-type=\"wp-page\" data-elementor-id=\"1443\" class=\"elementor elementor-1443\" data-elementor-post-type=\"page\">\n\t\t\t\t<div class=\"elementor-element elementor-element-88f1e8f e-flex e-con-boxed e-con e-parent\" data-id=\"88f1e8f\" data-element_type=\"container\">\n\t\t\t\t\t<div class=\"e-con-inner\">\n\t\t<div class=\"elementor-element elementor-element-4f9ad85 e-con-full e-flex e-con e-child\" data-id=\"4f9ad85\" data-element_type=\"container\">\n\t\t\t\t<div class=\"elementor-element elementor-element-d7a02b9 elementor-widget__width-initial elementor-widget elementor-widget-heading\" data-id=\"d7a02b9\" data-element_type=\"widget\" data-widget_type=\"heading.default\">\n\t\t\t\t\t<h2 class=\"elementor-heading-title elementor-size-default\">Apprendre l\u2019\u00e9lectronique en s\u2019amusant +8 ans<\/h2>\t\t\t\t<\/div>\n\t\t\t\t<div class=\"elementor-element elementor-element-e88df71 elementor-widget elementor-widget-text-editor\" data-id=\"e88df71\" data-element_type=\"widget\" data-widget_type=\"text-editor.default\">\n\t\t\t\t\t\t\t\t\t<p><strong data-start=\"386\" data-end=\"419\">Andragogie propose des formation \u00e9ducative<\/strong> en pr\u00e9sentiel ou \u00e0 distance (e-learning) con\u00e7ue pour encourager les enfants \u00e0 <strong data-start=\"457\" data-end=\"494\">devenir acteurs de la technologie<\/strong> plut\u00f4t que de simplement la consommer. L\u2019id\u00e9e est d\u2019apprendre <strong data-start=\"557\" data-end=\"608\">comment fonctionnent les circuits \u00e9lectroniques<\/strong> en construisant soi-m\u00eame de petits appareils et montages.<\/p>\t\t\t\t\t\t\t\t<\/div>\n\t\t\t\t<div class=\"elementor-element elementor-element-6236a97 elementor-widget elementor-widget-gallery\" data-id=\"6236a97\" data-element_type=\"widget\" data-settings=\"{&quot;columns&quot;:3,&quot;gap&quot;:{&quot;unit&quot;:&quot;px&quot;,&quot;size&quot;:11,&quot;sizes&quot;:[]},&quot;aspect_ratio&quot;:&quot;1:1&quot;,&quot;lazyload&quot;:&quot;yes&quot;,&quot;gallery_layout&quot;:&quot;grid&quot;,&quot;columns_tablet&quot;:2,&quot;columns_mobile&quot;:1,&quot;gap_tablet&quot;:{&quot;unit&quot;:&quot;px&quot;,&quot;size&quot;:10,&quot;sizes&quot;:[]},&quot;gap_mobile&quot;:{&quot;unit&quot;:&quot;px&quot;,&quot;size&quot;:10,&quot;sizes&quot;:[]},&quot;overlay_background&quot;:&quot;yes&quot;,&quot;content_hover_animation&quot;:&quot;fade-in&quot;}\" data-widget_type=\"gallery.default\">\n\t\t\t\t<div class=\"elementor-widget-container\">\n\t\t\t\t\t\t\t<div class=\"elementor-gallery__container\">\n\t\t\t\t\t\t\t<div class=\"e-gallery-item elementor-gallery-item elementor-animated-content\">\n\t\t\t\t\t<div class=\"e-gallery-image elementor-gallery-item__image\" data-thumbnail=\"https:\/\/andragogieformation.fr\/wp-content\/uploads\/2026\/02\/Barriere_optique-252x300.png\" data-width=\"252\" data-height=\"300\" aria-label=\"Modules \u00e9lectroniques \u00e0 r\u00e9aliser lors des formations\" role=\"img\" ><\/div>\n\t\t\t\t\t\t\t\t\t\t\t<div class=\"elementor-gallery-item__overlay\"><\/div>\n\t\t\t\t\t\t\t\t\t\t\t\t\t\t<\/div>\n\t\t\t\t\t\t\t<div class=\"e-gallery-item elementor-gallery-item elementor-animated-content\">\n\t\t\t\t\t<div class=\"e-gallery-image elementor-gallery-item__image\" data-thumbnail=\"https:\/\/andragogieformation.fr\/wp-content\/uploads\/2026\/02\/Supermicrophone-258x300.png\" data-width=\"258\" data-height=\"300\" aria-label=\"\" role=\"img\" ><\/div>\n\t\t\t\t\t\t\t\t\t\t\t<div class=\"elementor-gallery-item__overlay\"><\/div>\n\t\t\t\t\t\t\t\t\t\t\t\t\t\t<\/div>\n\t\t\t\t\t\t\t<div class=\"e-gallery-item elementor-gallery-item elementor-animated-content\">\n\t\t\t\t\t<div class=\"e-gallery-image elementor-gallery-item__image\" data-thumbnail=\"https:\/\/andragogieformation.fr\/wp-content\/uploads\/2026\/02\/Chargeur_telephone_pile_9V-274x300.png\" data-width=\"274\" data-height=\"300\" aria-label=\"\" role=\"img\" ><\/div>\n\t\t\t\t\t\t\t\t\t\t\t<div class=\"elementor-gallery-item__overlay\"><\/div>\n\t\t\t\t\t\t\t\t\t\t\t\t\t\t<\/div>\n\t\t\t\t\t\t\t<div class=\"e-gallery-item elementor-gallery-item elementor-animated-content\">\n\t\t\t\t\t<div class=\"e-gallery-image elementor-gallery-item__image\" data-thumbnail=\"https:\/\/andragogieformation.fr\/wp-content\/uploads\/2026\/02\/Recepteur_Radio_FM-300x245.png\" data-width=\"300\" data-height=\"245\" aria-label=\"\" role=\"img\" ><\/div>\n\t\t\t\t\t\t\t\t\t\t\t<div class=\"elementor-gallery-item__overlay\"><\/div>\n\t\t\t\t\t\t\t\t\t\t\t\t\t\t<\/div>\n\t\t\t\t\t\t\t<div class=\"e-gallery-item elementor-gallery-item elementor-animated-content\">\n\t\t\t\t\t<div class=\"e-gallery-image elementor-gallery-item__image\" data-thumbnail=\"https:\/\/andragogieformation.fr\/wp-content\/uploads\/2026\/02\/Barriere_optique_TX-257x300.png\" data-width=\"257\" data-height=\"300\" aria-label=\"\" role=\"img\" ><\/div>\n\t\t\t\t\t\t\t\t\t\t\t<div class=\"elementor-gallery-item__overlay\"><\/div>\n\t\t\t\t\t\t\t\t\t\t\t\t\t\t<\/div>\n\t\t\t\t\t<\/div>\n\t\t\t\t\t<\/div>\n\t\t\t\t<\/div>\n\t\t\t\t<\/div>\n\t\t\t\t<div class=\"elementor-element elementor-element-a82752b elementor-widget__width-initial elementor-widget elementor-widget-text-editor\" data-id=\"a82752b\" data-element_type=\"widget\" data-widget_type=\"text-editor.default\">\n\t\t\t\t\t\t\t\t\t<p>\u00a0<\/p><h2><strong data-wp-editing=\"1\"><img decoding=\"async\" class=\"emoji\" role=\"img\" draggable=\"false\" src=\"https:\/\/s.w.org\/images\/core\/emoji\/17.0.2\/svg\/1f3af.svg\" alt=\"\ud83c\udfaf\" \/> Pour qui ?<\/strong><\/h2><p>Enfants \u00e0 partir d\u2019environ 8 ans (niveau d\u00e9butant) jusqu\u2019aux adolescents.<\/p><p>Parents et adultes qui souhaitent accompagner ou guider leur enfant dans un apprentissage concret et pratique de l\u2019\u00e9lectronique.<\/p><div><h2 data-start=\"1022\" data-end=\"1055\"><strong data-start=\"1029\" data-end=\"1055\">\ud83d\udd27 Ce que nous proposons :<\/strong><\/h2><ul data-start=\"1056\" data-end=\"1621\"><li data-start=\"1056\" data-end=\"1181\"><p data-start=\"1058\" data-end=\"1181\"><strong data-start=\"1058\" data-end=\"1102\">Cours d\u2019\u00e9lectronique adapt\u00e9s aux enfants<\/strong>, avec explications simples et claires.<\/p><\/li><li data-start=\"1182\" data-end=\"1441\"><p data-start=\"1184\" data-end=\"1441\"><strong data-start=\"1184\" data-end=\"1206\">Ateliers pratiques<\/strong> o\u00f9 les enfants construisent r\u00e9ellement des circuits et appareils (par exemple des alarmes, des radios ou autres petits projets) pour comprendre comment fonctionnent les composants \u00e9lectroniques.<\/p><\/li><li data-start=\"1442\" data-end=\"1621\"><p data-start=\"1444\" data-end=\"1621\"><strong data-start=\"1444\" data-end=\"1468\">Approche progressive<\/strong> : les activit\u00e9s et le niveau des projets augmentent au fur et \u00e0 mesure que l\u2019enfant apprend et gagne en confiance.<\/p><\/li><\/ul><\/div>\t\t\t\t\t\t\t\t<\/div>\n\t\t<div class=\"elementor-element elementor-element-0fa5430 e-con-full e-flex e-con e-child\" data-id=\"0fa5430\" data-element_type=\"container\">\n\t\t\t\t<div class=\"elementor-element elementor-element-259e3cf elementor-widget__width-initial elementor-widget elementor-widget-text-editor\" data-id=\"259e3cf\" data-element_type=\"widget\" data-widget_type=\"text-editor.default\">\n\t\t\t\t\t\t\t\t\t<h3 data-start=\"1623\" data-end=\"1668\">\ud83d\udcd8 <strong data-start=\"1630\" data-end=\"1668\">Comment l\u2019apprentissage se d\u00e9roule<\/strong><\/h3><ul data-start=\"1669\" data-end=\"2070\"><li data-start=\"1669\" data-end=\"1893\"><p data-start=\"1671\" data-end=\"1893\">Les enfants suivent des <strong data-start=\"1695\" data-end=\"1736\">le\u00e7ons avec des explications adapt\u00e9es<\/strong>, puis <strong data-start=\"1743\" data-end=\"1793\">r\u00e9alisent eux-m\u00eames des montages \u00e9lectroniques<\/strong>, ce qui rend l\u2019apprentissage \u00e0 la fois concret et motivant.<\/p><\/li><li data-start=\"1894\" data-end=\"2070\"><p data-start=\"1896\" data-end=\"2070\">Les cours sont organis\u00e9s par niveaux, du plus simple au plus avanc\u00e9, et incluent des sessions r\u00e9guli\u00e8res pour pratiquer et exp\u00e9rimenter<\/p><\/li><\/ul>\t\t\t\t\t\t\t\t<\/div>\n\t\t\t\t<\/div>\n\t\t\t\t\t<\/div>\n\t\t\t\t<\/div>\n\t\t<div class=\"elementor-element elementor-element-0f49c2e e-flex e-con-boxed e-con e-parent\" data-id=\"0f49c2e\" data-element_type=\"container\" data-settings=\"{&quot;background_background&quot;:&quot;gradient&quot;}\">\n\t\t\t\t\t<div class=\"e-con-inner\">\n\t\t\t\t<div class=\"elementor-element elementor-element-0cfcf4d elementor-widget elementor-widget-text-editor\" data-id=\"0cfcf4d\" data-element_type=\"widget\" data-widget_type=\"text-editor.default\">\n\t\t\t\t\t\t\t\t\t<h3 data-start=\"2072\" data-end=\"2103\">\ud83e\udde9 <strong data-start=\"2079\" data-end=\"2103\">Pourquoi c\u2019est utile<\/strong><\/h3><ul data-start=\"2104\" data-end=\"2553\"><li data-start=\"2104\" data-end=\"2379\"><p data-start=\"2106\" data-end=\"2379\">Ce type d\u2019apprentissage aide les enfants \u00e0 <strong data-start=\"2149\" data-end=\"2176\">d\u00e9velopper leur logique<\/strong>, leur <strong data-start=\"2183\" data-end=\"2209\">curiosit\u00e9 scientifique<\/strong> et leur <strong data-start=\"2218\" data-end=\"2255\">capacit\u00e9 \u00e0 r\u00e9soudre des probl\u00e8mes<\/strong> en manipulant des composants r\u00e9els (comme avec des kits de circuits \u00e9lectroniques).<\/p><\/li><li data-start=\"2380\" data-end=\"2553\"><p data-start=\"2382\" data-end=\"2553\">Pour les adultes, c\u2019est une mani\u00e8re d\u2019<strong data-start=\"2420\" data-end=\"2462\">introduire les bases de l\u2019\u00e9lectronique<\/strong> \u00e0 un jeune public de fa\u00e7on progressive et ludique<\/p><\/li><\/ul>\t\t\t\t\t\t\t\t<\/div>\n\t\t\t\t\t<\/div>\n\t\t\t\t<\/div>\n\t\t\t\t<\/div>\n\t\t","protected":false},"excerpt":{"rendered":"<p>Apprendre l\u2019\u00e9lectronique en s\u2019amusant +8 ans Andragogie propose des formation \u00e9ducative en pr\u00e9sentiel ou \u00e0 distance (e-learning) con\u00e7ue pour encourager les enfants \u00e0 devenir acteurs de la technologie plut\u00f4t que de simplement la consommer. L\u2019id\u00e9e est d\u2019apprendre comment fonctionnent les circuits \u00e9lectroniques en construisant soi-m\u00eame de petits appareils et montages. \u00a0 Pour qui ? Enfants [&hellip;]<\/p>\n","protected":false},"author":1,"featured_media":0,"parent":0,"menu_order":0,"comment_status":"closed","ping_status":"closed","template":"","meta":{"footnotes":""},"class_list":["post-1443","page","type-page","status-publish","hentry"],"yoast_head":"<!-- This site is optimized with the Yoast SEO plugin v25.5 - https:\/\/yoast.com\/wordpress\/plugins\/seo\/ -->\n<title>Apprendre l&#039;\u00e9lectronique +8ans - ANDRAGOGIE Formation<\/title>\n<meta name=\"robots\" content=\"index, follow, max-snippet:-1, max-image-preview:large, max-video-preview:-1\" \/>\n<link rel=\"canonical\" href=\"https:\/\/andragogieformation.fr\/index.php\/elementor-page-1443\/\" \/>\n<meta property=\"og:locale\" content=\"fr_FR\" \/>\n<meta property=\"og:type\" content=\"article\" \/>\n<meta property=\"og:title\" content=\"Apprendre l&#039;\u00e9lectronique +8ans - ANDRAGOGIE Formation\" \/>\n<meta property=\"og:description\" content=\"Apprendre l\u2019\u00e9lectronique en s\u2019amusant +8 ans Andragogie propose des formation \u00e9ducative en pr\u00e9sentiel ou \u00e0 distance (e-learning) con\u00e7ue pour encourager les enfants \u00e0 devenir acteurs de la technologie plut\u00f4t que de simplement la consommer. L\u2019id\u00e9e est d\u2019apprendre comment fonctionnent les circuits \u00e9lectroniques en construisant soi-m\u00eame de petits appareils et montages. \u00a0 Pour qui ? Enfants [&hellip;]\" \/>\n<meta property=\"og:url\" content=\"https:\/\/andragogieformation.fr\/index.php\/elementor-page-1443\/\" \/>\n<meta property=\"og:site_name\" content=\"ANDRAGOGIE Formation\" \/>\n<meta property=\"article:modified_time\" content=\"2026-02-25T14:26:52+00:00\" \/>\n<meta property=\"og:image\" content=\"https:\/\/s.w.org\/images\/core\/emoji\/17.0.2\/svg\/1f3af.svg\" \/>\n<meta name=\"twitter:card\" content=\"summary_large_image\" \/>\n<script type=\"application\/ld+json\" class=\"yoast-schema-graph\">{\"@context\":\"https:\/\/schema.org\",\"@graph\":[{\"@type\":\"WebPage\",\"@id\":\"https:\/\/andragogieformation.fr\/index.php\/elementor-page-1443\/\",\"url\":\"https:\/\/andragogieformation.fr\/index.php\/elementor-page-1443\/\",\"name\":\"Apprendre l'\u00e9lectronique +8ans - ANDRAGOGIE Formation\",\"isPartOf\":{\"@id\":\"https:\/\/andragogieformation.fr\/#website\"},\"primaryImageOfPage\":{\"@id\":\"https:\/\/andragogieformation.fr\/index.php\/elementor-page-1443\/#primaryimage\"},\"image\":{\"@id\":\"https:\/\/andragogieformation.fr\/index.php\/elementor-page-1443\/#primaryimage\"},\"thumbnailUrl\":\"https:\/\/s.w.org\/images\/core\/emoji\/17.0.2\/svg\/1f3af.svg\",\"datePublished\":\"2026-02-25T14:14:03+00:00\",\"dateModified\":\"2026-02-25T14:26:52+00:00\",\"breadcrumb\":{\"@id\":\"https:\/\/andragogieformation.fr\/index.php\/elementor-page-1443\/#breadcrumb\"},\"inLanguage\":\"fr-FR\",\"potentialAction\":[{\"@type\":\"ReadAction\",\"target\":[\"https:\/\/andragogieformation.fr\/index.php\/elementor-page-1443\/\"]}]},{\"@type\":\"ImageObject\",\"inLanguage\":\"fr-FR\",\"@id\":\"https:\/\/andragogieformation.fr\/index.php\/elementor-page-1443\/#primaryimage\",\"url\":\"https:\/\/s.w.org\/images\/core\/emoji\/17.0.2\/svg\/1f3af.svg\",\"contentUrl\":\"https:\/\/s.w.org\/images\/core\/emoji\/17.0.2\/svg\/1f3af.svg\"},{\"@type\":\"BreadcrumbList\",\"@id\":\"https:\/\/andragogieformation.fr\/index.php\/elementor-page-1443\/#breadcrumb\",\"itemListElement\":[{\"@type\":\"ListItem\",\"position\":1,\"name\":\"Accueil\",\"item\":\"https:\/\/andragogieformation.fr\/\"},{\"@type\":\"ListItem\",\"position\":2,\"name\":\"Apprendre l&rsquo;\u00e9lectronique +8ans\"}]},{\"@type\":\"WebSite\",\"@id\":\"https:\/\/andragogieformation.fr\/#website\",\"url\":\"https:\/\/andragogieformation.fr\/\",\"name\":\"www.andragogieformation.fr\",\"description\":\"Andragogie - organisme de formation pour adultes\",\"publisher\":{\"@id\":\"https:\/\/andragogieformation.fr\/#organization\"},\"alternateName\":\"ANDRAGOGIE\",\"potentialAction\":[{\"@type\":\"SearchAction\",\"target\":{\"@type\":\"EntryPoint\",\"urlTemplate\":\"https:\/\/andragogieformation.fr\/?s={search_term_string}\"},\"query-input\":{\"@type\":\"PropertyValueSpecification\",\"valueRequired\":true,\"valueName\":\"search_term_string\"}}],\"inLanguage\":\"fr-FR\"},{\"@type\":\"Organization\",\"@id\":\"https:\/\/andragogieformation.fr\/#organization\",\"name\":\"www.andragogieformation.fr\",\"alternateName\":\"ANDRAGOGIE\",\"url\":\"https:\/\/andragogieformation.fr\/\",\"logo\":{\"@type\":\"ImageObject\",\"inLanguage\":\"fr-FR\",\"@id\":\"https:\/\/andragogieformation.fr\/#\/schema\/logo\/image\/\",\"url\":\"https:\/\/andragogieformation.fr\/wp-content\/uploads\/2026\/02\/elargis_logo_Andragogie_conseil_formation.jpg\",\"contentUrl\":\"https:\/\/andragogieformation.fr\/wp-content\/uploads\/2026\/02\/elargis_logo_Andragogie_conseil_formation.jpg\",\"width\":1039,\"height\":597,\"caption\":\"www.andragogieformation.fr\"},\"image\":{\"@id\":\"https:\/\/andragogieformation.fr\/#\/schema\/logo\/image\/\"},\"sameAs\":[\"https:\/\/www.linkedin.com\/company\/105508468\"]}]}<\/script>\n<!-- \/ Yoast SEO plugin. -->","yoast_head_json":{"title":"Apprendre l'\u00e9lectronique +8ans - ANDRAGOGIE Formation","robots":{"index":"index","follow":"follow","max-snippet":"max-snippet:-1","max-image-preview":"max-image-preview:large","max-video-preview":"max-video-preview:-1"},"canonical":"https:\/\/andragogieformation.fr\/index.php\/elementor-page-1443\/","og_locale":"fr_FR","og_type":"article","og_title":"Apprendre l'\u00e9lectronique +8ans - ANDRAGOGIE Formation","og_description":"Apprendre l\u2019\u00e9lectronique en s\u2019amusant +8 ans Andragogie propose des formation \u00e9ducative en pr\u00e9sentiel ou \u00e0 distance (e-learning) con\u00e7ue pour encourager les enfants \u00e0 devenir acteurs de la technologie plut\u00f4t que de simplement la consommer. L\u2019id\u00e9e est d\u2019apprendre comment fonctionnent les circuits \u00e9lectroniques en construisant soi-m\u00eame de petits appareils et montages. \u00a0 Pour qui ? Enfants [&hellip;]","og_url":"https:\/\/andragogieformation.fr\/index.php\/elementor-page-1443\/","og_site_name":"ANDRAGOGIE Formation","article_modified_time":"2026-02-25T14:26:52+00:00","og_image":[{"url":"https:\/\/s.w.org\/images\/core\/emoji\/17.0.2\/svg\/1f3af.svg","type":"","width":"","height":""}],"twitter_card":"summary_large_image","schema":{"@context":"https:\/\/schema.org","@graph":[{"@type":"WebPage","@id":"https:\/\/andragogieformation.fr\/index.php\/elementor-page-1443\/","url":"https:\/\/andragogieformation.fr\/index.php\/elementor-page-1443\/","name":"Apprendre l'\u00e9lectronique +8ans - ANDRAGOGIE Formation","isPartOf":{"@id":"https:\/\/andragogieformation.fr\/#website"},"primaryImageOfPage":{"@id":"https:\/\/andragogieformation.fr\/index.php\/elementor-page-1443\/#primaryimage"},"image":{"@id":"https:\/\/andragogieformation.fr\/index.php\/elementor-page-1443\/#primaryimage"},"thumbnailUrl":"https:\/\/s.w.org\/images\/core\/emoji\/17.0.2\/svg\/1f3af.svg","datePublished":"2026-02-25T14:14:03+00:00","dateModified":"2026-02-25T14:26:52+00:00","breadcrumb":{"@id":"https:\/\/andragogieformation.fr\/index.php\/elementor-page-1443\/#breadcrumb"},"inLanguage":"fr-FR","potentialAction":[{"@type":"ReadAction","target":["https:\/\/andragogieformation.fr\/index.php\/elementor-page-1443\/"]}]},{"@type":"ImageObject","inLanguage":"fr-FR","@id":"https:\/\/andragogieformation.fr\/index.php\/elementor-page-1443\/#primaryimage","url":"https:\/\/s.w.org\/images\/core\/emoji\/17.0.2\/svg\/1f3af.svg","contentUrl":"https:\/\/s.w.org\/images\/core\/emoji\/17.0.2\/svg\/1f3af.svg"},{"@type":"BreadcrumbList","@id":"https:\/\/andragogieformation.fr\/index.php\/elementor-page-1443\/#breadcrumb","itemListElement":[{"@type":"ListItem","position":1,"name":"Accueil","item":"https:\/\/andragogieformation.fr\/"},{"@type":"ListItem","position":2,"name":"Apprendre l&rsquo;\u00e9lectronique +8ans"}]},{"@type":"WebSite","@id":"https:\/\/andragogieformation.fr\/#website","url":"https:\/\/andragogieformation.fr\/","name":"www.andragogieformation.fr","description":"Andragogie - organisme de formation pour adultes","publisher":{"@id":"https:\/\/andragogieformation.fr\/#organization"},"alternateName":"ANDRAGOGIE","potentialAction":[{"@type":"SearchAction","target":{"@type":"EntryPoint","urlTemplate":"https:\/\/andragogieformation.fr\/?s={search_term_string}"},"query-input":{"@type":"PropertyValueSpecification","valueRequired":true,"valueName":"search_term_string"}}],"inLanguage":"fr-FR"},{"@type":"Organization","@id":"https:\/\/andragogieformation.fr\/#organization","name":"www.andragogieformation.fr","alternateName":"ANDRAGOGIE","url":"https:\/\/andragogieformation.fr\/","logo":{"@type":"ImageObject","inLanguage":"fr-FR","@id":"https:\/\/andragogieformation.fr\/#\/schema\/logo\/image\/","url":"https:\/\/andragogieformation.fr\/wp-content\/uploads\/2026\/02\/elargis_logo_Andragogie_conseil_formation.jpg","contentUrl":"https:\/\/andragogieformation.fr\/wp-content\/uploads\/2026\/02\/elargis_logo_Andragogie_conseil_formation.jpg","width":1039,"height":597,"caption":"www.andragogieformation.fr"},"image":{"@id":"https:\/\/andragogieformation.fr\/#\/schema\/logo\/image\/"},"sameAs":["https:\/\/www.linkedin.com\/company\/105508468"]}]}},"_links":{"self":[{"href":"https:\/\/andragogieformation.fr\/index.php\/wp-json\/wp\/v2\/pages\/1443","targetHints":{"allow":["GET"]}}],"collection":[{"href":"https:\/\/andragogieformation.fr\/index.php\/wp-json\/wp\/v2\/pages"}],"about":[{"href":"https:\/\/andragogieformation.fr\/index.php\/wp-json\/wp\/v2\/types\/page"}],"author":[{"embeddable":true,"href":"https:\/\/andragogieformation.fr\/index.php\/wp-json\/wp\/v2\/users\/1"}],"replies":[{"embeddable":true,"href":"https:\/\/andragogieformation.fr\/index.php\/wp-json\/wp\/v2\/comments?post=1443"}],"version-history":[{"count":22,"href":"https:\/\/andragogieformation.fr\/index.php\/wp-json\/wp\/v2\/pages\/1443\/revisions"}],"predecessor-version":[{"id":1472,"href":"https:\/\/andragogieformation.fr\/index.php\/wp-json\/wp\/v2\/pages\/1443\/revisions\/1472"}],"wp:attachment":[{"href":"https:\/\/andragogieformation.fr\/index.php\/wp-json\/wp\/v2\/media?parent=1443"}],"curies":[{"name":"wp","href":"https:\/\/api.w.org\/{rel}","templated":true}]}}