{"id":161,"date":"2025-04-25T18:27:21","date_gmt":"2025-04-25T16:27:21","guid":{"rendered":"https:\/\/acaciafrance.fr\/?page_id=161"},"modified":"2026-04-22T17:05:47","modified_gmt":"2026-04-22T15:05:47","slug":"rgpd-article-9","status":"publish","type":"page","link":"https:\/\/andragogieformation.fr\/index.php\/rgpd-article-9\/","title":{"rendered":"Formulaire de r\u00e9clamation"},"content":{"rendered":"\t\t<div data-elementor-type=\"wp-page\" data-elementor-id=\"161\" class=\"elementor elementor-161\" data-elementor-post-type=\"page\">\n\t\t\t\t<div class=\"elementor-element elementor-element-11b44c7 e-flex e-con-boxed e-con e-parent\" data-id=\"11b44c7\" data-element_type=\"container\" data-settings=\"{&quot;background_background&quot;:&quot;gradient&quot;}\">\n\t\t\t\t\t<div class=\"e-con-inner\">\n\t\t<div class=\"elementor-element elementor-element-0fb9a10 e-con-full e-flex e-con e-child\" data-id=\"0fb9a10\" data-element_type=\"container\">\n\t\t\t\t<div class=\"elementor-element elementor-element-bff9c5c elementor-widget__width-initial elementor-widget elementor-widget-heading\" data-id=\"bff9c5c\" data-element_type=\"widget\" data-widget_type=\"heading.default\">\n\t\t\t\t\t<h1 class=\"elementor-heading-title elementor-size-default\">Formulaire de r\u00e9clamation\n<br><p style=\"font-size: 22px\">Formulaire de r\u00e9clamation \u2013 Protection des donn\u00e9es (RGPD art. 9)<\/h1>\t\t\t\t<\/div>\n\t\t\t\t<div class=\"elementor-element elementor-element-35bf4ff elementor-widget elementor-widget-text-editor\" data-id=\"35bf4ff\" data-element_type=\"widget\" data-widget_type=\"text-editor.default\">\n\t\t\t\t\t\t\t\t\t<p>Former pour transformer. Apprendre pour grandir.<\/p>\t\t\t\t\t\t\t\t<\/div>\n\t\t\t\t<div class=\"elementor-element elementor-element-d63ff27 elementor-widget elementor-widget-text-editor\" data-id=\"d63ff27\" data-element_type=\"widget\" data-widget_type=\"text-editor.default\">\n\t\t\t\t\t\t\t\t\t<p data-start=\"220\" data-end=\"448\">Nous mettons \u00e0 votre disposition ce formulaire pour recueillir vos r\u00e9clamations.<br data-start=\"300\" data-end=\"303\" \/>Les informations que vous nous transmettrez seront utilis\u00e9es uniquement pour examiner votre demande et vous r\u00e9pondre dans les meilleurs d\u00e9lais.<\/p>\t\t\t\t\t\t\t\t<\/div>\n\t\t\t\t<\/div>\n\t\t<div class=\"elementor-element elementor-element-c20052c e-con-full e-flex e-con e-child\" data-id=\"c20052c\" data-element_type=\"container\">\n\t\t\t\t<div class=\"elementor-element elementor-element-549a205 elementor-widget elementor-widget-image\" data-id=\"549a205\" data-element_type=\"widget\" data-widget_type=\"image.default\">\n\t\t\t\t\t\t\t\t\t\t\t\t\t\t\t<img fetchpriority=\"high\" decoding=\"async\" width=\"768\" height=\"513\" src=\"https:\/\/andragogieformation.fr\/wp-content\/uploads\/2025\/09\/inscriptions-formations-andragogie-768x513.jpg\" class=\"attachment-medium_large size-medium_large wp-image-1028\" alt=\"\" srcset=\"https:\/\/andragogieformation.fr\/wp-content\/uploads\/2025\/09\/inscriptions-formations-andragogie-768x513.jpg 768w, https:\/\/andragogieformation.fr\/wp-content\/uploads\/2025\/09\/inscriptions-formations-andragogie-300x200.jpg 300w, https:\/\/andragogieformation.fr\/wp-content\/uploads\/2025\/09\/inscriptions-formations-andragogie-1024x683.jpg 1024w, https:\/\/andragogieformation.fr\/wp-content\/uploads\/2025\/09\/inscriptions-formations-andragogie-1536x1025.jpg 1536w\" sizes=\"(max-width: 768px) 100vw, 768px\" \/>\t\t\t\t\t\t\t\t\t\t\t\t\t\t\t<\/div>\n\t\t\t\t<\/div>\n\t\t\t\t\t<\/div>\n\t\t\t\t<\/div>\n\t\t<div class=\"elementor-element elementor-element-6b466e2 e-flex e-con-boxed e-con e-parent\" data-id=\"6b466e2\" data-element_type=\"container\" data-settings=\"{&quot;background_background&quot;:&quot;classic&quot;}\">\n\t\t\t\t\t<div class=\"e-con-inner\">\n\t\t<div class=\"elementor-element elementor-element-52f5383 e-con-full e-flex e-con e-child\" data-id=\"52f5383\" data-element_type=\"container\">\n\t\t\t\t<div class=\"elementor-element elementor-element-a0b7911 elementor-widget elementor-widget-spacer\" data-id=\"a0b7911\" data-element_type=\"widget\" data-widget_type=\"spacer.default\">\n\t\t\t\t\t\t\t<div class=\"elementor-spacer\">\n\t\t\t<div class=\"elementor-spacer-inner\"><\/div>\n\t\t<\/div>\n\t\t\t\t\t\t<\/div>\n\t\t\t\t<div class=\"elementor-element elementor-element-f6c095d elementor-widget elementor-widget-text-editor\" data-id=\"f6c095d\" data-element_type=\"widget\" data-widget_type=\"text-editor.default\">\n\t\t\t\t\t\t\t\t\t<p data-start=\"220\" data-end=\"448\"><strong data-start=\"453\" data-end=\"479\">Protection des donn\u00e9es<\/strong><br data-start=\"479\" data-end=\"482\" \/>Vos donn\u00e9es personnelles sont trait\u00e9es de mani\u00e8re confidentielle, conform\u00e9ment au R\u00e8glement G\u00e9n\u00e9ral sur la Protection des Donn\u00e9es (RGPD).<br data-start=\"619\" data-end=\"622\" \/>Elles ne seront communiqu\u00e9es qu\u2019aux personnes habilit\u00e9es \u00e0 traiter votre r\u00e9clamation.<\/p>\n<p data-start=\"711\" data-end=\"848\">Pour plus de d\u00e9tails, vous pouvez consulter notre politique de confidentialit\u00e9.<\/p>\t\t\t\t\t\t\t\t<\/div>\n\t\t\t\t<div class=\"elementor-element elementor-element-506b545 elementor-align-center elementor-widget elementor-widget-button\" data-id=\"506b545\" data-element_type=\"widget\" data-widget_type=\"button.default\">\n\t\t\t\t\t\t\t\t\t\t<a class=\"elementor-button elementor-button-link elementor-size-sm\" href=\"https:\/\/andragogieformation.fr\/index.php\/politique-de-confidentialite\/\">\n\t\t\t\t\t\t<span class=\"elementor-button-content-wrapper\">\n\t\t\t\t\t\t\t\t\t<span class=\"elementor-button-text\">Notre politique de confidentialit\u00e9<\/span>\n\t\t\t\t\t<\/span>\n\t\t\t\t\t<\/a>\n\t\t\t\t\t\t\t\t<\/div>\n\t\t\t\t<\/div>\n\t\t\t\t\t<\/div>\n\t\t\t\t<\/div>\n\t\t<div class=\"elementor-element elementor-element-096f55a e-flex e-con-boxed e-con e-parent\" data-id=\"096f55a\" data-element_type=\"container\" data-settings=\"{&quot;background_background&quot;:&quot;classic&quot;}\">\n\t\t\t\t\t<div class=\"e-con-inner\">\n\t\t<div class=\"elementor-element elementor-element-70f2ce6 e-con-full e-flex e-con e-child\" data-id=\"70f2ce6\" data-element_type=\"container\">\n\t\t\t\t<div class=\"elementor-element elementor-element-3998b8e elementor-widget elementor-widget-spacer\" data-id=\"3998b8e\" data-element_type=\"widget\" data-widget_type=\"spacer.default\">\n\t\t\t\t\t\t\t<div class=\"elementor-spacer\">\n\t\t\t<div class=\"elementor-spacer-inner\"><\/div>\n\t\t<\/div>\n\t\t\t\t\t\t<\/div>\n\t\t\t\t<div class=\"elementor-element elementor-element-8deeeba elementor-widget elementor-widget-text-editor\" data-id=\"8deeeba\" data-element_type=\"widget\" data-widget_type=\"text-editor.default\">\n\t\t\t\t\t\t\t\t\t<p>Pour toutes r\u00e9clamations concernant l\u2019organisme, les formations inter, intra, les formations \u00e0 distance, la plateforme MOODLE (andragogie.net) ou un autre sujet, vous pouvez utiliser ce formulaire. Dans la partie message, n\u2019oubliez pas de pr\u00e9ciser les informations concernant la r\u00e9clamation \u00e0 savoir :<\/p>\n<ul class=\"wp-block-list\">\n<li>Le nom de votre entreprise et votre fonction.<\/li>\n<li>La formation concern\u00e9e par votre r\u00e9clamation<\/li>\n<li>La date de formation.<\/li>\n<\/ul>\n<p>Nous r\u00e9pondrons \u00e0 votre demande dans les plus brefs d\u00e9lais.<\/p>\t\t\t\t\t\t\t\t<\/div>\n\t\t\t\t<\/div>\n\t\t\t\t\t<\/div>\n\t\t\t\t<\/div>\n\t\t<div class=\"elementor-element elementor-element-5ad2461 e-flex e-con-boxed e-con e-parent\" data-id=\"5ad2461\" data-element_type=\"container\">\n\t\t\t\t\t<div class=\"e-con-inner\">\n\t\t\t\t<div class=\"elementor-element elementor-element-c21856d elementor-widget elementor-widget-shortcode\" data-id=\"c21856d\" data-element_type=\"widget\" data-widget_type=\"shortcode.default\">\n\t\t\t\t\t\t\t<div class=\"elementor-shortcode\">\n<div class=\"wpcf7 no-js\" id=\"wpcf7-f159-o1\" lang=\"fr-FR\" dir=\"ltr\">\n<div class=\"screen-reader-response\"><p role=\"status\" aria-live=\"polite\" aria-atomic=\"true\"><\/p> <ul><\/ul><\/div>\n<form action=\"\/index.php\/wp-json\/wp\/v2\/pages\/161#wpcf7-f159-o1\" method=\"post\" class=\"wpcf7-form init\" aria-label=\"Formulaire de contact\" novalidate=\"novalidate\" data-status=\"init\">\n<div style=\"display: none;\">\n<input type=\"hidden\" name=\"_wpcf7\" value=\"159\" \/>\n<input type=\"hidden\" name=\"_wpcf7_version\" value=\"5.9.8\" \/>\n<input type=\"hidden\" name=\"_wpcf7_locale\" value=\"fr_FR\" \/>\n<input type=\"hidden\" name=\"_wpcf7_unit_tag\" value=\"wpcf7-f159-o1\" \/>\n<input type=\"hidden\" name=\"_wpcf7_container_post\" value=\"0\" \/>\n<input type=\"hidden\" name=\"_wpcf7_posted_data_hash\" value=\"\" \/>\n<input type=\"hidden\" name=\"_wpcf7_recaptcha_response\" value=\"\" \/>\n<\/div>\n<p><span class=\"wpcf7-form-control-wrap\" data-name=\"radio-968\"><span class=\"wpcf7-form-control wpcf7-radio\"><span class=\"wpcf7-list-item first\"><label><input type=\"radio\" name=\"radio-968\" value=\"Madame\" \/><span class=\"wpcf7-list-item-label\">Madame<\/span><\/label><\/span><span class=\"wpcf7-list-item last\"><label><input type=\"radio\" name=\"radio-968\" value=\"Monsieur\" \/><span class=\"wpcf7-list-item-label\">Monsieur<\/span><\/label><\/span><\/span><\/span>\n<\/p>\n<p><label> *champs obligatoires <\/label>\n<\/p>\n<p><label> Votre nom*<br \/>\n<span class=\"wpcf7-form-control-wrap\" data-name=\"your-name\"><input size=\"40\" maxlength=\"400\" class=\"wpcf7-form-control wpcf7-text wpcf7-validates-as-required\" autocomplete=\"name\" aria-required=\"true\" aria-invalid=\"false\" value=\"\" type=\"text\" name=\"your-name\" \/><\/span> <\/label><br \/>\n<label> Votre Pr\u00e9nom*<br \/>\n<span class=\"wpcf7-form-control-wrap\" data-name=\"your-prenom\"><input size=\"40\" maxlength=\"400\" class=\"wpcf7-form-control wpcf7-text wpcf7-validates-as-required\" autocomplete=\"prenom\" aria-required=\"true\" aria-invalid=\"false\" value=\"\" type=\"text\" name=\"your-prenom\" \/><\/span> <\/label><br \/>\n<label> Votre e-mail*<br \/>\n<span class=\"wpcf7-form-control-wrap\" data-name=\"your-email\"><input size=\"40\" maxlength=\"400\" class=\"wpcf7-form-control wpcf7-email wpcf7-validates-as-required wpcf7-text wpcf7-validates-as-email\" autocomplete=\"email\" aria-required=\"true\" aria-invalid=\"false\" value=\"\" type=\"email\" name=\"your-email\" \/><\/span> <\/label><br \/>\n<label> Service ou entreprise*<br \/>\n<span class=\"wpcf7-form-control-wrap\" data-name=\"your-service\"><input size=\"40\" maxlength=\"400\" class=\"wpcf7-form-control wpcf7-text wpcf7-validates-as-required\" autocomplete=\"service\" aria-required=\"true\" aria-invalid=\"false\" value=\"\" type=\"text\" name=\"your-service\" \/><\/span> <\/label><br \/>\n<label> Adresse professionnelle*<br \/>\n<span class=\"wpcf7-form-control-wrap\" data-name=\"votre-adresse\"><input size=\"40\" maxlength=\"400\" class=\"wpcf7-form-control wpcf7-text wpcf7-validates-as-required\" aria-required=\"true\" aria-invalid=\"false\" value=\"\" type=\"text\" name=\"votre-adresse\" \/><\/span> <\/label><br \/>\n<label> Code postal*<br \/>\n<span class=\"wpcf7-form-control-wrap\" data-name=\"votre-codepostal\"><input size=\"40\" maxlength=\"400\" class=\"wpcf7-form-control wpcf7-text wpcf7-validates-as-required\" aria-required=\"true\" aria-invalid=\"false\" value=\"\" type=\"text\" name=\"votre-codepostal\" \/><\/span> <\/label><br \/>\n<label> Ville*<br \/>\n<span class=\"wpcf7-form-control-wrap\" data-name=\"votre-ville\"><input size=\"40\" maxlength=\"400\" class=\"wpcf7-form-control wpcf7-text wpcf7-validates-as-required\" aria-required=\"true\" aria-invalid=\"false\" value=\"\" type=\"text\" name=\"votre-ville\" \/><\/span> <\/label>\n<\/p>\n<p><label> Votre num\u00e9ro de t\u00e9l\u00e9phone <\/label><br \/>\n<span class=\"wpcf7-form-control-wrap\" data-name=\"tel-696\"><input size=\"40\" maxlength=\"15\" minlength=\"10\" class=\"wpcf7-form-control wpcf7-tel wpcf7-text wpcf7-validates-as-tel\" aria-invalid=\"false\" placeholder=\"\" value=\"\" type=\"tel\" name=\"tel-696\" \/><\/span>\n<\/p>\n<p><label> Votre message* :<br \/>\n<span class=\"wpcf7-form-control-wrap\" data-name=\"your-message\"><textarea cols=\"40\" rows=\"10\" maxlength=\"2000\" class=\"wpcf7-form-control wpcf7-textarea wpcf7-validates-as-required\" aria-required=\"true\" aria-invalid=\"false\" name=\"your-message\"><\/textarea><\/span> <\/label>\n<\/p>\n<p><input class=\"wpcf7-form-control wpcf7-submit has-spinner\" type=\"submit\" value=\"Envoyer\" \/>\n<\/p><div class=\"wpcf7-response-output\" aria-hidden=\"true\"><\/div>\n<\/form>\n<\/div>\n<\/div>\n\t\t\t\t\t\t<\/div>\n\t\t\t\t\t<\/div>\n\t\t\t\t<\/div>\n\t\t<div class=\"elementor-element elementor-element-e1789e0 e-flex e-con-boxed e-con e-parent\" data-id=\"e1789e0\" data-element_type=\"container\" data-settings=\"{&quot;background_background&quot;:&quot;classic&quot;}\">\n\t\t\t\t\t<div class=\"e-con-inner\">\n\t\t<div class=\"elementor-element elementor-element-c3c13b8 e-con-full e-flex e-con e-child\" data-id=\"c3c13b8\" data-element_type=\"container\">\n\t\t\t\t<div class=\"elementor-element elementor-element-dfae6f8 elementor-widget elementor-widget-text-editor\" data-id=\"dfae6f8\" data-element_type=\"widget\" data-widget_type=\"text-editor.default\">\n\t\t\t\t\t\t\t\t\t<p>Former pour transformer.<\/p>\t\t\t\t\t\t\t\t<\/div>\n\t\t\t\t<div class=\"elementor-element elementor-element-d3fa050 elementor-widget elementor-widget-text-editor\" data-id=\"d3fa050\" data-element_type=\"widget\" data-widget_type=\"text-editor.default\">\n\t\t\t\t\t\t\t\t\t<p>Apprendre pour grandir.<\/p>\t\t\t\t\t\t\t\t<\/div>\n\t\t\t\t<\/div>\n\t\t\t\t\t<\/div>\n\t\t\t\t<\/div>\n\t\t\t\t<\/div>\n\t\t","protected":false},"excerpt":{"rendered":"<p>Formulaire de r\u00e9clamation Formulaire de r\u00e9clamation \u2013 Protection des donn\u00e9es (RGPD art. 9) Former pour transformer. Apprendre pour grandir. Nous mettons \u00e0 votre disposition ce formulaire pour recueillir vos r\u00e9clamations.Les informations que vous nous transmettrez seront utilis\u00e9es uniquement pour examiner votre demande et vous r\u00e9pondre dans les meilleurs d\u00e9lais. Protection des donn\u00e9esVos donn\u00e9es personnelles sont [&hellip;]<\/p>\n","protected":false},"author":1,"featured_media":0,"parent":0,"menu_order":0,"comment_status":"closed","ping_status":"closed","template":"elementor_header_footer","meta":{"footnotes":""},"class_list":["post-161","page","type-page","status-publish","hentry"],"yoast_head":"<!-- This site is optimized with the Yoast SEO plugin v25.5 - https:\/\/yoast.com\/wordpress\/plugins\/seo\/ -->\n<title>ANDRAGOGIE Formation - Formulaire de r\u00e9clamation<\/title>\n<meta name=\"description\" content=\"Informations concernant le r\u00e9galement sur la protection des donn\u00e9es en relation avec le Formulaire de r\u00e9clamation et de contact\" \/>\n<meta name=\"robots\" content=\"noindex, nofollow\" \/>\n<meta property=\"og:locale\" content=\"fr_FR\" \/>\n<meta property=\"og:type\" content=\"article\" \/>\n<meta property=\"og:title\" content=\"ANDRAGOGIE Formation - Formulaire de r\u00e9clamation\" \/>\n<meta property=\"og:description\" content=\"Informations concernant le r\u00e9galement sur la protection des donn\u00e9es en relation avec le Formulaire de r\u00e9clamation et de contact\" \/>\n<meta property=\"og:url\" content=\"https:\/\/andragogieformation.fr\/index.php\/rgpd-article-9\/\" \/>\n<meta property=\"og:site_name\" content=\"ANDRAGOGIE Formation\" \/>\n<meta property=\"article:modified_time\" content=\"2026-04-22T15:05:47+00:00\" \/>\n<meta property=\"og:image\" content=\"https:\/\/andragogieformation.fr\/wp-content\/uploads\/2025\/09\/inscriptions-formations-andragogie-768x513.jpg\" \/>\n<meta name=\"twitter:card\" content=\"summary_large_image\" \/>\n<meta name=\"twitter:label1\" content=\"Dur\u00e9e de lecture estim\u00e9e\" \/>\n\t<meta name=\"twitter:data1\" content=\"2 minutes\" \/>\n<script type=\"application\/ld+json\" class=\"yoast-schema-graph\">{\"@context\":\"https:\/\/schema.org\",\"@graph\":[{\"@type\":\"WebPage\",\"@id\":\"https:\/\/andragogieformation.fr\/index.php\/rgpd-article-9\/\",\"url\":\"https:\/\/andragogieformation.fr\/index.php\/rgpd-article-9\/\",\"name\":\"ANDRAGOGIE Formation - Formulaire de r\u00e9clamation\",\"isPartOf\":{\"@id\":\"https:\/\/andragogieformation.fr\/#website\"},\"primaryImageOfPage\":{\"@id\":\"https:\/\/andragogieformation.fr\/index.php\/rgpd-article-9\/#primaryimage\"},\"image\":{\"@id\":\"https:\/\/andragogieformation.fr\/index.php\/rgpd-article-9\/#primaryimage\"},\"thumbnailUrl\":\"https:\/\/andragogieformation.fr\/wp-content\/uploads\/2025\/09\/inscriptions-formations-andragogie-768x513.jpg\",\"datePublished\":\"2025-04-25T16:27:21+00:00\",\"dateModified\":\"2026-04-22T15:05:47+00:00\",\"description\":\"Informations concernant le r\u00e9galement sur la protection des donn\u00e9es en relation avec le Formulaire de r\u00e9clamation et de contact\",\"breadcrumb\":{\"@id\":\"https:\/\/andragogieformation.fr\/index.php\/rgpd-article-9\/#breadcrumb\"},\"inLanguage\":\"fr-FR\",\"potentialAction\":[{\"@type\":\"ReadAction\",\"target\":[\"https:\/\/andragogieformation.fr\/index.php\/rgpd-article-9\/\"]}]},{\"@type\":\"ImageObject\",\"inLanguage\":\"fr-FR\",\"@id\":\"https:\/\/andragogieformation.fr\/index.php\/rgpd-article-9\/#primaryimage\",\"url\":\"https:\/\/andragogieformation.fr\/wp-content\/uploads\/2025\/09\/inscriptions-formations-andragogie-scaled.jpg\",\"contentUrl\":\"https:\/\/andragogieformation.fr\/wp-content\/uploads\/2025\/09\/inscriptions-formations-andragogie-scaled.jpg\",\"width\":2560,\"height\":1709,\"caption\":\"Getting donations.\"},{\"@type\":\"BreadcrumbList\",\"@id\":\"https:\/\/andragogieformation.fr\/index.php\/rgpd-article-9\/#breadcrumb\",\"itemListElement\":[{\"@type\":\"ListItem\",\"position\":1,\"name\":\"Accueil\",\"item\":\"https:\/\/andragogieformation.fr\/\"},{\"@type\":\"ListItem\",\"position\":2,\"name\":\"Formulaire de r\u00e9clamation\"}]},{\"@type\":\"WebSite\",\"@id\":\"https:\/\/andragogieformation.fr\/#website\",\"url\":\"https:\/\/andragogieformation.fr\/\",\"name\":\"www.andragogieformation.fr\",\"description\":\"Organisme de formation pour adultes\",\"publisher\":{\"@id\":\"https:\/\/andragogieformation.fr\/#organization\"},\"alternateName\":\"ANDRAGOGIE\",\"potentialAction\":[{\"@type\":\"SearchAction\",\"target\":{\"@type\":\"EntryPoint\",\"urlTemplate\":\"https:\/\/andragogieformation.fr\/?s={search_term_string}\"},\"query-input\":{\"@type\":\"PropertyValueSpecification\",\"valueRequired\":true,\"valueName\":\"search_term_string\"}}],\"inLanguage\":\"fr-FR\"},{\"@type\":\"Organization\",\"@id\":\"https:\/\/andragogieformation.fr\/#organization\",\"name\":\"www.andragogieformation.fr\",\"alternateName\":\"ANDRAGOGIE\",\"url\":\"https:\/\/andragogieformation.fr\/\",\"logo\":{\"@type\":\"ImageObject\",\"inLanguage\":\"fr-FR\",\"@id\":\"https:\/\/andragogieformation.fr\/#\/schema\/logo\/image\/\",\"url\":\"https:\/\/andragogieformation.fr\/wp-content\/uploads\/2026\/02\/elargis_logo_Andragogie_conseil_formation.jpg\",\"contentUrl\":\"https:\/\/andragogieformation.fr\/wp-content\/uploads\/2026\/02\/elargis_logo_Andragogie_conseil_formation.jpg\",\"width\":1039,\"height\":597,\"caption\":\"www.andragogieformation.fr\"},\"image\":{\"@id\":\"https:\/\/andragogieformation.fr\/#\/schema\/logo\/image\/\"},\"sameAs\":[\"https:\/\/www.linkedin.com\/company\/105508468\"]}]}<\/script>\n<!-- \/ Yoast SEO plugin. -->","yoast_head_json":{"title":"ANDRAGOGIE Formation - Formulaire de r\u00e9clamation","description":"Informations concernant le r\u00e9galement sur la protection des donn\u00e9es en relation avec le Formulaire de r\u00e9clamation et de contact","robots":{"index":"noindex","follow":"nofollow"},"og_locale":"fr_FR","og_type":"article","og_title":"ANDRAGOGIE Formation - Formulaire de r\u00e9clamation","og_description":"Informations concernant le r\u00e9galement sur la protection des donn\u00e9es en relation avec le Formulaire de r\u00e9clamation et de contact","og_url":"https:\/\/andragogieformation.fr\/index.php\/rgpd-article-9\/","og_site_name":"ANDRAGOGIE Formation","article_modified_time":"2026-04-22T15:05:47+00:00","og_image":[{"url":"https:\/\/andragogieformation.fr\/wp-content\/uploads\/2025\/09\/inscriptions-formations-andragogie-768x513.jpg","type":"","width":"","height":""}],"twitter_card":"summary_large_image","twitter_misc":{"Dur\u00e9e de lecture estim\u00e9e":"2 minutes"},"schema":{"@context":"https:\/\/schema.org","@graph":[{"@type":"WebPage","@id":"https:\/\/andragogieformation.fr\/index.php\/rgpd-article-9\/","url":"https:\/\/andragogieformation.fr\/index.php\/rgpd-article-9\/","name":"ANDRAGOGIE Formation - Formulaire de r\u00e9clamation","isPartOf":{"@id":"https:\/\/andragogieformation.fr\/#website"},"primaryImageOfPage":{"@id":"https:\/\/andragogieformation.fr\/index.php\/rgpd-article-9\/#primaryimage"},"image":{"@id":"https:\/\/andragogieformation.fr\/index.php\/rgpd-article-9\/#primaryimage"},"thumbnailUrl":"https:\/\/andragogieformation.fr\/wp-content\/uploads\/2025\/09\/inscriptions-formations-andragogie-768x513.jpg","datePublished":"2025-04-25T16:27:21+00:00","dateModified":"2026-04-22T15:05:47+00:00","description":"Informations concernant le r\u00e9galement sur la protection des donn\u00e9es en relation avec le Formulaire de r\u00e9clamation et de contact","breadcrumb":{"@id":"https:\/\/andragogieformation.fr\/index.php\/rgpd-article-9\/#breadcrumb"},"inLanguage":"fr-FR","potentialAction":[{"@type":"ReadAction","target":["https:\/\/andragogieformation.fr\/index.php\/rgpd-article-9\/"]}]},{"@type":"ImageObject","inLanguage":"fr-FR","@id":"https:\/\/andragogieformation.fr\/index.php\/rgpd-article-9\/#primaryimage","url":"https:\/\/andragogieformation.fr\/wp-content\/uploads\/2025\/09\/inscriptions-formations-andragogie-scaled.jpg","contentUrl":"https:\/\/andragogieformation.fr\/wp-content\/uploads\/2025\/09\/inscriptions-formations-andragogie-scaled.jpg","width":2560,"height":1709,"caption":"Getting donations."},{"@type":"BreadcrumbList","@id":"https:\/\/andragogieformation.fr\/index.php\/rgpd-article-9\/#breadcrumb","itemListElement":[{"@type":"ListItem","position":1,"name":"Accueil","item":"https:\/\/andragogieformation.fr\/"},{"@type":"ListItem","position":2,"name":"Formulaire de r\u00e9clamation"}]},{"@type":"WebSite","@id":"https:\/\/andragogieformation.fr\/#website","url":"https:\/\/andragogieformation.fr\/","name":"www.andragogieformation.fr","description":"Organisme de formation pour adultes","publisher":{"@id":"https:\/\/andragogieformation.fr\/#organization"},"alternateName":"ANDRAGOGIE","potentialAction":[{"@type":"SearchAction","target":{"@type":"EntryPoint","urlTemplate":"https:\/\/andragogieformation.fr\/?s={search_term_string}"},"query-input":{"@type":"PropertyValueSpecification","valueRequired":true,"valueName":"search_term_string"}}],"inLanguage":"fr-FR"},{"@type":"Organization","@id":"https:\/\/andragogieformation.fr\/#organization","name":"www.andragogieformation.fr","alternateName":"ANDRAGOGIE","url":"https:\/\/andragogieformation.fr\/","logo":{"@type":"ImageObject","inLanguage":"fr-FR","@id":"https:\/\/andragogieformation.fr\/#\/schema\/logo\/image\/","url":"https:\/\/andragogieformation.fr\/wp-content\/uploads\/2026\/02\/elargis_logo_Andragogie_conseil_formation.jpg","contentUrl":"https:\/\/andragogieformation.fr\/wp-content\/uploads\/2026\/02\/elargis_logo_Andragogie_conseil_formation.jpg","width":1039,"height":597,"caption":"www.andragogieformation.fr"},"image":{"@id":"https:\/\/andragogieformation.fr\/#\/schema\/logo\/image\/"},"sameAs":["https:\/\/www.linkedin.com\/company\/105508468"]}]}},"_links":{"self":[{"href":"https:\/\/andragogieformation.fr\/index.php\/wp-json\/wp\/v2\/pages\/161","targetHints":{"allow":["GET"]}}],"collection":[{"href":"https:\/\/andragogieformation.fr\/index.php\/wp-json\/wp\/v2\/pages"}],"about":[{"href":"https:\/\/andragogieformation.fr\/index.php\/wp-json\/wp\/v2\/types\/page"}],"author":[{"embeddable":true,"href":"https:\/\/andragogieformation.fr\/index.php\/wp-json\/wp\/v2\/users\/1"}],"replies":[{"embeddable":true,"href":"https:\/\/andragogieformation.fr\/index.php\/wp-json\/wp\/v2\/comments?post=161"}],"version-history":[{"count":17,"href":"https:\/\/andragogieformation.fr\/index.php\/wp-json\/wp\/v2\/pages\/161\/revisions"}],"predecessor-version":[{"id":1086,"href":"https:\/\/andragogieformation.fr\/index.php\/wp-json\/wp\/v2\/pages\/161\/revisions\/1086"}],"wp:attachment":[{"href":"https:\/\/andragogieformation.fr\/index.php\/wp-json\/wp\/v2\/media?parent=161"}],"curies":[{"name":"wp","href":"https:\/\/api.w.org\/{rel}","templated":true}]}}