{"id":9,"date":"2024-10-02T12:28:18","date_gmt":"2024-10-02T10:28:18","guid":{"rendered":"http:\/\/acaciafrance.fr\/?page_id=9"},"modified":"2025-09-22T16:43:33","modified_gmt":"2025-09-22T14:43:33","slug":"nous-contacter","status":"publish","type":"page","link":"https:\/\/andragogieformation.fr\/index.php\/nous-contacter\/","title":{"rendered":"nous contacter"},"content":{"rendered":"\t\t<div data-elementor-type=\"wp-page\" data-elementor-id=\"9\" class=\"elementor elementor-9\" data-elementor-post-type=\"page\">\n\t\t\t\t<div class=\"elementor-element elementor-element-eb03d4d e-flex e-con-boxed e-con e-parent\" data-id=\"eb03d4d\" data-element_type=\"container\" data-settings=\"{&quot;background_background&quot;:&quot;gradient&quot;}\">\n\t\t\t\t\t<div class=\"e-con-inner\">\n\t\t<div class=\"elementor-element elementor-element-a08352e e-con-full e-flex e-con e-child\" data-id=\"a08352e\" data-element_type=\"container\">\n\t\t\t\t<div class=\"elementor-element elementor-element-3e5ba43 elementor-widget__width-initial elementor-widget elementor-widget-heading\" data-id=\"3e5ba43\" data-element_type=\"widget\" data-widget_type=\"heading.default\">\n\t\t\t\t\t<h1 class=\"elementor-heading-title elementor-size-default\">Nous contacter\n<br><p style=\"font-size: 22px\">Formulaire de contact - Coh\u00e9rence cardiaque, gestion \u00e9motionnelle &amp; \u00e9lectronique.<\/h1>\t\t\t\t<\/div>\n\t\t\t\t<div class=\"elementor-element elementor-element-204fae4 elementor-widget elementor-widget-text-editor\" data-id=\"204fae4\" data-element_type=\"widget\" data-widget_type=\"text-editor.default\">\n\t\t\t\t\t\t\t\t\t<p>Former pour transformer. Apprendre pour grandir.<\/p>\t\t\t\t\t\t\t\t<\/div>\n\t\t\t\t<\/div>\n\t\t<div class=\"elementor-element elementor-element-bca4b4b e-con-full e-flex e-con e-child\" data-id=\"bca4b4b\" data-element_type=\"container\">\n\t\t\t\t<div class=\"elementor-element elementor-element-fa6b0be elementor-widget elementor-widget-image\" data-id=\"fa6b0be\" data-element_type=\"widget\" data-widget_type=\"image.default\">\n\t\t\t\t\t\t\t\t\t\t\t\t\t\t\t<img fetchpriority=\"high\" decoding=\"async\" width=\"768\" height=\"513\" src=\"https:\/\/andragogieformation.fr\/wp-content\/uploads\/2025\/09\/inscriptions-formations-andragogie-768x513.jpg\" class=\"attachment-medium_large size-medium_large wp-image-1028\" alt=\"\" srcset=\"https:\/\/andragogieformation.fr\/wp-content\/uploads\/2025\/09\/inscriptions-formations-andragogie-768x513.jpg 768w, https:\/\/andragogieformation.fr\/wp-content\/uploads\/2025\/09\/inscriptions-formations-andragogie-300x200.jpg 300w, https:\/\/andragogieformation.fr\/wp-content\/uploads\/2025\/09\/inscriptions-formations-andragogie-1024x683.jpg 1024w, https:\/\/andragogieformation.fr\/wp-content\/uploads\/2025\/09\/inscriptions-formations-andragogie-1536x1025.jpg 1536w\" sizes=\"(max-width: 768px) 100vw, 768px\" \/>\t\t\t\t\t\t\t\t\t\t\t\t\t\t\t<\/div>\n\t\t\t\t<\/div>\n\t\t\t\t\t<\/div>\n\t\t\t\t<\/div>\n\t\t<div class=\"elementor-element elementor-element-4e340ff e-flex e-con-boxed e-con e-parent\" data-id=\"4e340ff\" data-element_type=\"container\" data-settings=\"{&quot;background_background&quot;:&quot;classic&quot;}\">\n\t\t\t\t\t<div class=\"e-con-inner\">\n\t\t<div class=\"elementor-element elementor-element-6b4df8a e-con-full e-flex e-con e-child\" data-id=\"6b4df8a\" data-element_type=\"container\">\n\t\t<div class=\"elementor-element elementor-element-15377dd e-con-full e-flex e-con e-child\" data-id=\"15377dd\" data-element_type=\"container\" data-settings=\"{&quot;background_background&quot;:&quot;classic&quot;}\">\n\t\t<div class=\"elementor-element elementor-element-a5c9e2d e-con-full e-flex e-con e-child\" data-id=\"a5c9e2d\" data-element_type=\"container\">\n\t\t\t\t<div class=\"elementor-element elementor-element-eaf8b63 elementor-widget elementor-widget-heading\" data-id=\"eaf8b63\" data-element_type=\"widget\" data-widget_type=\"heading.default\">\n\t\t\t\t\t<p class=\"elementor-heading-title elementor-size-default\">Andragogie, organisme de formation pour adultes.<\/p>\t\t\t\t<\/div>\n\t\t\t\t<div class=\"elementor-element elementor-element-98547ce elementor-widget elementor-widget-heading\" data-id=\"98547ce\" data-element_type=\"widget\" data-widget_type=\"heading.default\">\n\t\t\t\t\t<h2 class=\"elementor-heading-title elementor-size-default\">Consultez le programme complet<\/h2>\t\t\t\t<\/div>\n\t\t\t\t<div class=\"elementor-element elementor-element-7290f3b elementor-align-center elementor-widget elementor-widget-button\" data-id=\"7290f3b\" data-element_type=\"widget\" data-widget_type=\"button.default\">\n\t\t\t\t\t\t\t\t\t\t<a class=\"elementor-button elementor-button-link elementor-size-md\" href=\"https:\/\/andragogieformation.fr\/wp-content\/uploads\/2025\/09\/Calendrier-2026_Andragogie.pdf\">\n\t\t\t\t\t\t<span class=\"elementor-button-content-wrapper\">\n\t\t\t\t\t\t\t\t\t<span class=\"elementor-button-text\">t\u00e9l\u00e9charger le calendrier ici<\/span>\n\t\t\t\t\t<\/span>\n\t\t\t\t\t<\/a>\n\t\t\t\t\t\t\t\t<\/div>\n\t\t\t\t<\/div>\n\t\t\t\t<\/div>\n\t\t\t\t<div class=\"elementor-element elementor-element-4b680c8 elementor-view-default elementor-widget elementor-widget-icon\" data-id=\"4b680c8\" data-element_type=\"widget\" data-widget_type=\"icon.default\">\n\t\t\t\t\t\t\t<div class=\"elementor-icon-wrapper\">\n\t\t\t<div class=\"elementor-icon\">\n\t\t\t<svg aria-hidden=\"true\" class=\"e-font-icon-svg e-fas-heartbeat\" viewBox=\"0 0 512 512\" xmlns=\"http:\/\/www.w3.org\/2000\/svg\"><path d=\"M320.2 243.8l-49.7 99.4c-6 12.1-23.4 11.7-28.9-.6l-56.9-126.3-30 71.7H60.6l182.5 186.5c7.1 7.3 18.6 7.3 25.7 0L451.4 288H342.3l-22.1-44.2zM473.7 73.9l-2.4-2.5c-51.5-52.6-135.8-52.6-187.4 0L256 100l-27.9-28.5c-51.5-52.7-135.9-52.7-187.4 0l-2.4 2.4C-10.4 123.7-12.5 203 31 256h102.4l35.9-86.2c5.4-12.9 23.6-13.2 29.4-.4l58.2 129.3 49-97.9c5.9-11.8 22.7-11.8 28.6 0l27.6 55.2H481c43.5-53 41.4-132.3-7.3-182.1z\"><\/path><\/svg>\t\t\t<\/div>\n\t\t<\/div>\n\t\t\t\t\t\t<\/div>\n\t\t\t\t<\/div>\n\t\t\t\t\t<\/div>\n\t\t\t\t<\/div>\n\t\t<div class=\"elementor-element elementor-element-6ab09802 e-flex e-con-boxed e-con e-parent\" data-id=\"6ab09802\" data-element_type=\"container\">\n\t\t\t\t\t<div class=\"e-con-inner\">\n\t\t\t\t<div class=\"elementor-element elementor-element-3f7f421d elementor-widget elementor-widget-text-editor\" data-id=\"3f7f421d\" data-element_type=\"widget\" data-widget_type=\"text-editor.default\">\n\t\t\t\t\t\t\t\t\t\n<div class=\"wp-block-contact-form-7-contact-form-selector\">\n<div class=\"wpcf7 no-js\" id=\"wpcf7-f51-o1\" lang=\"fr-FR\" dir=\"ltr\">\n<div class=\"screen-reader-response\"><p role=\"status\" aria-live=\"polite\" aria-atomic=\"true\"><\/p> <ul><\/ul><\/div>\n<form action=\"\/index.php\/wp-json\/wp\/v2\/pages\/9#wpcf7-f51-o1\" method=\"post\" class=\"wpcf7-form init\" aria-label=\"Formulaire de contact\" novalidate=\"novalidate\" data-status=\"init\">\n<div style=\"display: none;\">\n<input type=\"hidden\" name=\"_wpcf7\" value=\"51\" \/>\n<input type=\"hidden\" name=\"_wpcf7_version\" value=\"5.9.8\" \/>\n<input type=\"hidden\" name=\"_wpcf7_locale\" value=\"fr_FR\" \/>\n<input type=\"hidden\" name=\"_wpcf7_unit_tag\" value=\"wpcf7-f51-o1\" \/>\n<input type=\"hidden\" name=\"_wpcf7_container_post\" value=\"0\" \/>\n<input type=\"hidden\" name=\"_wpcf7_posted_data_hash\" value=\"\" \/>\n<input type=\"hidden\" name=\"_wpcf7_recaptcha_response\" value=\"\" \/>\n<\/div>\n<p><label> Votre nom<br \/>\n<span class=\"wpcf7-form-control-wrap\" data-name=\"your-name\"><input size=\"40\" maxlength=\"400\" class=\"wpcf7-form-control wpcf7-text wpcf7-validates-as-required\" autocomplete=\"name\" aria-required=\"true\" aria-invalid=\"false\" value=\"\" type=\"text\" name=\"your-name\" \/><\/span> <\/label>\n<\/p>\n<p><label> Votre e-mail<br \/>\n<span class=\"wpcf7-form-control-wrap\" data-name=\"your-email\"><input size=\"40\" maxlength=\"400\" class=\"wpcf7-form-control wpcf7-email wpcf7-validates-as-required wpcf7-text wpcf7-validates-as-email\" autocomplete=\"email\" aria-required=\"true\" aria-invalid=\"false\" value=\"\" type=\"email\" name=\"your-email\" \/><\/span> <\/label>\n<\/p>\n<p><label> Objet<br \/>\n<span class=\"wpcf7-form-control-wrap\" data-name=\"your-subject\"><input size=\"40\" maxlength=\"400\" class=\"wpcf7-form-control wpcf7-text wpcf7-validates-as-required\" aria-required=\"true\" aria-invalid=\"false\" value=\"\" type=\"text\" name=\"your-subject\" \/><\/span> <\/label>\n<\/p>\n<p><label> Votre message (facultatif)<br \/>\n<span class=\"wpcf7-form-control-wrap\" data-name=\"your-message\"><textarea cols=\"40\" rows=\"10\" maxlength=\"2000\" class=\"wpcf7-form-control wpcf7-textarea\" aria-invalid=\"false\" name=\"your-message\"><\/textarea><\/span> <\/label>\n<\/p>\n<p><input class=\"wpcf7-form-control wpcf7-submit has-spinner\" type=\"submit\" value=\"Envoyer\" \/>\n<\/p><div class=\"wpcf7-response-output\" aria-hidden=\"true\"><\/div>\n<\/form>\n<\/div>\n<\/div>\n\t\t\t\t\t\t\t\t<\/div>\n\t\t\t\t\t<\/div>\n\t\t\t\t<\/div>\n\t\t<div class=\"elementor-element elementor-element-b02240e e-flex e-con-boxed e-con e-parent\" data-id=\"b02240e\" data-element_type=\"container\" data-settings=\"{&quot;background_background&quot;:&quot;classic&quot;}\">\n\t\t\t\t\t<div class=\"e-con-inner\">\n\t\t<div class=\"elementor-element elementor-element-b408bc2 e-con-full e-flex e-con e-child\" data-id=\"b408bc2\" data-element_type=\"container\" data-settings=\"{&quot;background_background&quot;:&quot;classic&quot;}\">\n\t\t\t\t<div class=\"elementor-element elementor-element-969f7ea elementor-widget elementor-widget-spacer\" data-id=\"969f7ea\" data-element_type=\"widget\" data-widget_type=\"spacer.default\">\n\t\t\t\t\t\t\t<div class=\"elementor-spacer\">\n\t\t\t<div class=\"elementor-spacer-inner\"><\/div>\n\t\t<\/div>\n\t\t\t\t\t\t<\/div>\n\t\t\t\t<\/div>\n\t\t<div class=\"elementor-element elementor-element-f7c8045 e-con-full e-flex e-con e-child\" data-id=\"f7c8045\" data-element_type=\"container\">\n\t\t\t\t<div class=\"elementor-element elementor-element-d4ff850 elementor-widget elementor-widget-heading\" data-id=\"d4ff850\" data-element_type=\"widget\" data-widget_type=\"heading.default\">\n\t\t\t\t\t<p class=\"elementor-heading-title elementor-size-default\">Andragogie, organisme de formation pour adultes.<\/p>\t\t\t\t<\/div>\n\t\t\t\t<div class=\"elementor-element elementor-element-b7e92b7 elementor-widget elementor-widget-heading\" data-id=\"b7e92b7\" data-element_type=\"widget\" data-widget_type=\"heading.default\">\n\t\t\t\t\t<h2 class=\"elementor-heading-title elementor-size-default\">Notre approche<\/h2>\t\t\t\t<\/div>\n\t\t\t\t<div class=\"elementor-element elementor-element-559477c elementor-widget elementor-widget-text-editor\" data-id=\"559477c\" data-element_type=\"widget\" data-widget_type=\"text-editor.default\">\n\t\t\t\t\t\t\t\t\t<p>Chez Andragogie, nous adaptons notre p\u00e9dagogie aux besoins, contraintes et objectifs de chaque adulte apprenant.<\/p><p>Nos formations reposent sur une approche mixte qui alterne la th\u00e9orie, la mise en pratique et des retours personnalis\u00e9s pour ancrer les acquis.<br data-start=\"842\" data-end=\"845\" \/>Elles sont anim\u00e9es par des formateurs experts aux exp\u00e9riences crois\u00e9es dans l\u2019industrie, la sant\u00e9 et l\u2019accompagnement, afin de vous offrir un enseignement \u00e0 la fois rigoureux et vivant.<\/p>\t\t\t\t\t\t\t\t<\/div>\n\t\t\t\t<div class=\"elementor-element elementor-element-5a05a88 elementor-align-center elementor-widget elementor-widget-button\" data-id=\"5a05a88\" data-element_type=\"widget\" data-widget_type=\"button.default\">\n\t\t\t\t\t\t\t\t\t\t<a class=\"elementor-button elementor-button-link elementor-size-md\" href=\"https:\/\/andragogieformation.fr\/index.php\/a-propos\/\">\n\t\t\t\t\t\t<span class=\"elementor-button-content-wrapper\">\n\t\t\t\t\t\t\t\t\t<span class=\"elementor-button-text\">\u00e0 propos<\/span>\n\t\t\t\t\t<\/span>\n\t\t\t\t\t<\/a>\n\t\t\t\t\t\t\t\t<\/div>\n\t\t\t\t<\/div>\n\t\t\t\t\t<\/div>\n\t\t\t\t<\/div>\n\t\t<div class=\"elementor-element elementor-element-70e84e5 e-flex e-con-boxed e-con e-parent\" data-id=\"70e84e5\" data-element_type=\"container\" data-settings=\"{&quot;background_background&quot;:&quot;classic&quot;}\">\n\t\t\t\t\t<div class=\"e-con-inner\">\n\t\t<div class=\"elementor-element elementor-element-2d4266e e-con-full e-flex e-con e-child\" data-id=\"2d4266e\" data-element_type=\"container\">\n\t\t\t\t<div class=\"elementor-element elementor-element-f84e9f7 elementor-widget elementor-widget-text-editor\" data-id=\"f84e9f7\" data-element_type=\"widget\" data-widget_type=\"text-editor.default\">\n\t\t\t\t\t\t\t\t\t<p>Former pour transformer.<\/p>\t\t\t\t\t\t\t\t<\/div>\n\t\t\t\t<div class=\"elementor-element elementor-element-df256b6 elementor-widget elementor-widget-text-editor\" data-id=\"df256b6\" data-element_type=\"widget\" data-widget_type=\"text-editor.default\">\n\t\t\t\t\t\t\t\t\t<p>Apprendre pour grandir.<\/p>\t\t\t\t\t\t\t\t<\/div>\n\t\t\t\t<\/div>\n\t\t\t\t\t<\/div>\n\t\t\t\t<\/div>\n\t\t\t\t<\/div>\n\t\t","protected":false},"excerpt":{"rendered":"<p>Nous contacter Formulaire de contact &#8211; Coh\u00e9rence cardiaque, gestion \u00e9motionnelle &amp; \u00e9lectronique. Former pour transformer. Apprendre pour grandir. Andragogie, organisme de formation pour adultes. Consultez le programme complet t\u00e9l\u00e9charger le calendrier ici Andragogie, organisme de formation pour adultes. Notre approche Chez Andragogie, nous adaptons notre p\u00e9dagogie aux besoins, contraintes et objectifs de chaque adulte apprenant. [&hellip;]<\/p>\n","protected":false},"author":1,"featured_media":0,"parent":0,"menu_order":0,"comment_status":"closed","ping_status":"closed","template":"elementor_header_footer","meta":{"footnotes":""},"class_list":["post-9","page","type-page","status-publish","hentry"],"yoast_head":"<!-- This site is optimized with the Yoast SEO plugin v25.5 - https:\/\/yoast.com\/wordpress\/plugins\/seo\/ -->\n<title>ANDRAGOGIE Formation - nous contacter<\/title>\n<meta name=\"description\" content=\"Formulaire permettant de contacter ANDRAGOGIE formation pour toute demande de renseignements ou contacter le r\u00e9f\u00e9rent handicap.\" \/>\n<meta name=\"robots\" content=\"index, follow, max-snippet:-1, max-image-preview:large, max-video-preview:-1\" \/>\n<link rel=\"canonical\" href=\"https:\/\/andragogieformation.fr\/index.php\/nous-contacter\/\" \/>\n<meta property=\"og:locale\" content=\"fr_FR\" \/>\n<meta property=\"og:type\" content=\"article\" \/>\n<meta property=\"og:title\" content=\"ANDRAGOGIE Formation - nous contacter\" \/>\n<meta property=\"og:description\" content=\"Formulaire permettant de contacter ANDRAGOGIE formation pour toute demande de renseignements ou contacter le r\u00e9f\u00e9rent handicap.\" \/>\n<meta property=\"og:url\" content=\"https:\/\/andragogieformation.fr\/index.php\/nous-contacter\/\" \/>\n<meta property=\"og:site_name\" content=\"ANDRAGOGIE Formation\" \/>\n<meta property=\"article:modified_time\" content=\"2025-09-22T14:43:33+00:00\" \/>\n<meta property=\"og:image\" content=\"https:\/\/andragogieformation.fr\/wp-content\/uploads\/2025\/09\/inscriptions-formations-andragogie-scaled.jpg\" \/>\n\t<meta property=\"og:image:width\" content=\"2560\" \/>\n\t<meta property=\"og:image:height\" content=\"1709\" \/>\n\t<meta property=\"og:image:type\" content=\"image\/jpeg\" \/>\n<meta name=\"twitter:card\" content=\"summary_large_image\" \/>\n<meta name=\"twitter:label1\" content=\"Dur\u00e9e de lecture estim\u00e9e\" \/>\n\t<meta name=\"twitter:data1\" content=\"1 minute\" \/>\n<script type=\"application\/ld+json\" class=\"yoast-schema-graph\">{\"@context\":\"https:\/\/schema.org\",\"@graph\":[{\"@type\":\"WebPage\",\"@id\":\"https:\/\/andragogieformation.fr\/index.php\/nous-contacter\/\",\"url\":\"https:\/\/andragogieformation.fr\/index.php\/nous-contacter\/\",\"name\":\"ANDRAGOGIE Formation - nous contacter\",\"isPartOf\":{\"@id\":\"https:\/\/andragogieformation.fr\/#website\"},\"primaryImageOfPage\":{\"@id\":\"https:\/\/andragogieformation.fr\/index.php\/nous-contacter\/#primaryimage\"},\"image\":{\"@id\":\"https:\/\/andragogieformation.fr\/index.php\/nous-contacter\/#primaryimage\"},\"thumbnailUrl\":\"https:\/\/andragogieformation.fr\/wp-content\/uploads\/2025\/09\/inscriptions-formations-andragogie-768x513.jpg\",\"datePublished\":\"2024-10-02T10:28:18+00:00\",\"dateModified\":\"2025-09-22T14:43:33+00:00\",\"description\":\"Formulaire permettant de contacter ANDRAGOGIE formation pour toute demande de renseignements ou contacter le r\u00e9f\u00e9rent handicap.\",\"breadcrumb\":{\"@id\":\"https:\/\/andragogieformation.fr\/index.php\/nous-contacter\/#breadcrumb\"},\"inLanguage\":\"fr-FR\",\"potentialAction\":[{\"@type\":\"ReadAction\",\"target\":[\"https:\/\/andragogieformation.fr\/index.php\/nous-contacter\/\"]}]},{\"@type\":\"ImageObject\",\"inLanguage\":\"fr-FR\",\"@id\":\"https:\/\/andragogieformation.fr\/index.php\/nous-contacter\/#primaryimage\",\"url\":\"https:\/\/andragogieformation.fr\/wp-content\/uploads\/2025\/09\/inscriptions-formations-andragogie-scaled.jpg\",\"contentUrl\":\"https:\/\/andragogieformation.fr\/wp-content\/uploads\/2025\/09\/inscriptions-formations-andragogie-scaled.jpg\",\"width\":2560,\"height\":1709,\"caption\":\"Getting donations.\"},{\"@type\":\"BreadcrumbList\",\"@id\":\"https:\/\/andragogieformation.fr\/index.php\/nous-contacter\/#breadcrumb\",\"itemListElement\":[{\"@type\":\"ListItem\",\"position\":1,\"name\":\"Accueil\",\"item\":\"https:\/\/andragogieformation.fr\/\"},{\"@type\":\"ListItem\",\"position\":2,\"name\":\"nous contacter\"}]},{\"@type\":\"WebSite\",\"@id\":\"https:\/\/andragogieformation.fr\/#website\",\"url\":\"https:\/\/andragogieformation.fr\/\",\"name\":\"www.andragogieformation.fr\",\"description\":\"Organisme de formation pour adultes\",\"publisher\":{\"@id\":\"https:\/\/andragogieformation.fr\/#organization\"},\"alternateName\":\"ANDRAGOGIE\",\"potentialAction\":[{\"@type\":\"SearchAction\",\"target\":{\"@type\":\"EntryPoint\",\"urlTemplate\":\"https:\/\/andragogieformation.fr\/?s={search_term_string}\"},\"query-input\":{\"@type\":\"PropertyValueSpecification\",\"valueRequired\":true,\"valueName\":\"search_term_string\"}}],\"inLanguage\":\"fr-FR\"},{\"@type\":\"Organization\",\"@id\":\"https:\/\/andragogieformation.fr\/#organization\",\"name\":\"www.andragogieformation.fr\",\"alternateName\":\"ANDRAGOGIE\",\"url\":\"https:\/\/andragogieformation.fr\/\",\"logo\":{\"@type\":\"ImageObject\",\"inLanguage\":\"fr-FR\",\"@id\":\"https:\/\/andragogieformation.fr\/#\/schema\/logo\/image\/\",\"url\":\"https:\/\/andragogieformation.fr\/wp-content\/uploads\/2026\/02\/elargis_logo_Andragogie_conseil_formation.jpg\",\"contentUrl\":\"https:\/\/andragogieformation.fr\/wp-content\/uploads\/2026\/02\/elargis_logo_Andragogie_conseil_formation.jpg\",\"width\":1039,\"height\":597,\"caption\":\"www.andragogieformation.fr\"},\"image\":{\"@id\":\"https:\/\/andragogieformation.fr\/#\/schema\/logo\/image\/\"},\"sameAs\":[\"https:\/\/www.linkedin.com\/company\/105508468\"]}]}<\/script>\n<!-- \/ Yoast SEO plugin. -->","yoast_head_json":{"title":"ANDRAGOGIE Formation - nous contacter","description":"Formulaire permettant de contacter ANDRAGOGIE formation pour toute demande de renseignements ou contacter le r\u00e9f\u00e9rent handicap.","robots":{"index":"index","follow":"follow","max-snippet":"max-snippet:-1","max-image-preview":"max-image-preview:large","max-video-preview":"max-video-preview:-1"},"canonical":"https:\/\/andragogieformation.fr\/index.php\/nous-contacter\/","og_locale":"fr_FR","og_type":"article","og_title":"ANDRAGOGIE Formation - nous contacter","og_description":"Formulaire permettant de contacter ANDRAGOGIE formation pour toute demande de renseignements ou contacter le r\u00e9f\u00e9rent handicap.","og_url":"https:\/\/andragogieformation.fr\/index.php\/nous-contacter\/","og_site_name":"ANDRAGOGIE Formation","article_modified_time":"2025-09-22T14:43:33+00:00","og_image":[{"width":2560,"height":1709,"url":"https:\/\/andragogieformation.fr\/wp-content\/uploads\/2025\/09\/inscriptions-formations-andragogie-scaled.jpg","type":"image\/jpeg"}],"twitter_card":"summary_large_image","twitter_misc":{"Dur\u00e9e de lecture estim\u00e9e":"1 minute"},"schema":{"@context":"https:\/\/schema.org","@graph":[{"@type":"WebPage","@id":"https:\/\/andragogieformation.fr\/index.php\/nous-contacter\/","url":"https:\/\/andragogieformation.fr\/index.php\/nous-contacter\/","name":"ANDRAGOGIE Formation - nous contacter","isPartOf":{"@id":"https:\/\/andragogieformation.fr\/#website"},"primaryImageOfPage":{"@id":"https:\/\/andragogieformation.fr\/index.php\/nous-contacter\/#primaryimage"},"image":{"@id":"https:\/\/andragogieformation.fr\/index.php\/nous-contacter\/#primaryimage"},"thumbnailUrl":"https:\/\/andragogieformation.fr\/wp-content\/uploads\/2025\/09\/inscriptions-formations-andragogie-768x513.jpg","datePublished":"2024-10-02T10:28:18+00:00","dateModified":"2025-09-22T14:43:33+00:00","description":"Formulaire permettant de contacter ANDRAGOGIE formation pour toute demande de renseignements ou contacter le r\u00e9f\u00e9rent handicap.","breadcrumb":{"@id":"https:\/\/andragogieformation.fr\/index.php\/nous-contacter\/#breadcrumb"},"inLanguage":"fr-FR","potentialAction":[{"@type":"ReadAction","target":["https:\/\/andragogieformation.fr\/index.php\/nous-contacter\/"]}]},{"@type":"ImageObject","inLanguage":"fr-FR","@id":"https:\/\/andragogieformation.fr\/index.php\/nous-contacter\/#primaryimage","url":"https:\/\/andragogieformation.fr\/wp-content\/uploads\/2025\/09\/inscriptions-formations-andragogie-scaled.jpg","contentUrl":"https:\/\/andragogieformation.fr\/wp-content\/uploads\/2025\/09\/inscriptions-formations-andragogie-scaled.jpg","width":2560,"height":1709,"caption":"Getting donations."},{"@type":"BreadcrumbList","@id":"https:\/\/andragogieformation.fr\/index.php\/nous-contacter\/#breadcrumb","itemListElement":[{"@type":"ListItem","position":1,"name":"Accueil","item":"https:\/\/andragogieformation.fr\/"},{"@type":"ListItem","position":2,"name":"nous contacter"}]},{"@type":"WebSite","@id":"https:\/\/andragogieformation.fr\/#website","url":"https:\/\/andragogieformation.fr\/","name":"www.andragogieformation.fr","description":"Organisme de formation pour adultes","publisher":{"@id":"https:\/\/andragogieformation.fr\/#organization"},"alternateName":"ANDRAGOGIE","potentialAction":[{"@type":"SearchAction","target":{"@type":"EntryPoint","urlTemplate":"https:\/\/andragogieformation.fr\/?s={search_term_string}"},"query-input":{"@type":"PropertyValueSpecification","valueRequired":true,"valueName":"search_term_string"}}],"inLanguage":"fr-FR"},{"@type":"Organization","@id":"https:\/\/andragogieformation.fr\/#organization","name":"www.andragogieformation.fr","alternateName":"ANDRAGOGIE","url":"https:\/\/andragogieformation.fr\/","logo":{"@type":"ImageObject","inLanguage":"fr-FR","@id":"https:\/\/andragogieformation.fr\/#\/schema\/logo\/image\/","url":"https:\/\/andragogieformation.fr\/wp-content\/uploads\/2026\/02\/elargis_logo_Andragogie_conseil_formation.jpg","contentUrl":"https:\/\/andragogieformation.fr\/wp-content\/uploads\/2026\/02\/elargis_logo_Andragogie_conseil_formation.jpg","width":1039,"height":597,"caption":"www.andragogieformation.fr"},"image":{"@id":"https:\/\/andragogieformation.fr\/#\/schema\/logo\/image\/"},"sameAs":["https:\/\/www.linkedin.com\/company\/105508468"]}]}},"_links":{"self":[{"href":"https:\/\/andragogieformation.fr\/index.php\/wp-json\/wp\/v2\/pages\/9","targetHints":{"allow":["GET"]}}],"collection":[{"href":"https:\/\/andragogieformation.fr\/index.php\/wp-json\/wp\/v2\/pages"}],"about":[{"href":"https:\/\/andragogieformation.fr\/index.php\/wp-json\/wp\/v2\/types\/page"}],"author":[{"embeddable":true,"href":"https:\/\/andragogieformation.fr\/index.php\/wp-json\/wp\/v2\/users\/1"}],"replies":[{"embeddable":true,"href":"https:\/\/andragogieformation.fr\/index.php\/wp-json\/wp\/v2\/comments?post=9"}],"version-history":[{"count":25,"href":"https:\/\/andragogieformation.fr\/index.php\/wp-json\/wp\/v2\/pages\/9\/revisions"}],"predecessor-version":[{"id":1385,"href":"https:\/\/andragogieformation.fr\/index.php\/wp-json\/wp\/v2\/pages\/9\/revisions\/1385"}],"wp:attachment":[{"href":"https:\/\/andragogieformation.fr\/index.php\/wp-json\/wp\/v2\/media?parent=9"}],"curies":[{"name":"wp","href":"https:\/\/api.w.org\/{rel}","templated":true}]}}